{"id":215,"date":"2017-09-13T20:19:49","date_gmt":"2017-09-13T18:19:49","guid":{"rendered":"http:\/\/clealysm.com\/?page_id=215"},"modified":"2026-04-01T18:05:26","modified_gmt":"2026-04-01T16:05:26","slug":"publications","status":"publish","type":"page","link":"http:\/\/clealysm.com\/index.php\/publications\/","title":{"rendered":"NEWS"},"content":{"rendered":"\n<p><\/p>\n\n\n\n<h3 class=\"wp-block-heading has-text-align-center\">ON PARLE DE NOUS DANS LES M<strong>\u00c9<\/strong>DIAS<\/h3>\n\n\n\n<div style=\"height:100px\" aria-hidden=\"true\" class=\"wp-block-spacer\"><\/div>\n\n\n\n<h5 class=\"wp-block-heading has-text-align-center\">CULTURE M<strong>\u00c9<\/strong>DIAS SUR EUROPE 1 (31\/10\/2022)<\/h5>\n\n\n\n<p><strong>Producteur et co-r\u00e9alisateur du documentaire \u00ab\u00a0Didier Barbelivien : tant qu&rsquo;il y aura des chansons\u00a0\u00bb, diffus\u00e9 sur C8, David Djaoui \u00e9tait interview\u00e9 dans \u00ab\u00a0Le Journal des M\u00e9dias\u00a0\u00bb de Julien Pichen\u00e9.<\/strong><\/p>\n\n\n\n<ul>\n<li>Extrait dispo ici :&nbsp;<a href=\"https:\/\/www.youtube.com\/watch?v=1FK_Dm_gAoY\">https:\/\/www.youtube.com\/watch?v=1FK_Dm_gAoY<\/a><\/li>\n<\/ul>\n\n\n\n<hr class=\"wp-block-separator has-css-opacity\"\/>\n\n\n\n<h5 class=\"wp-block-heading has-text-align-center\">TPMP SUR C8 (28\/09\/2021)<\/h5>\n\n\n\n<p><strong>Producteur, auteur et co-r\u00e9alisateur du documentaire \u00ab\u00a0Bernard Tapie, le combattant\u00a0\u00bb diffus\u00e9 sur C8 et CNews, David Djaoui \u00e9tait l&rsquo;invit\u00e9 de Cyril Hanouna dans TPMP.<\/strong><\/p>\n\n\n\n<figure class=\"wp-block-video\"><video controls src=\"http:\/\/clealysm.com\/wp-content\/uploads\/2021\/11\/Mon-film-20.mp4\"><\/video><\/figure>\n\n\n\n<p><\/p>\n\n\n\n<hr class=\"wp-block-separator has-css-opacity\"\/>\n\n\n\n<h5 class=\"wp-block-heading has-text-align-center\">LE M<strong>\u00c9<\/strong>DIA AU QUOTIDIEN (15\/11\/2020)<\/h5>\n\n\n\n<p><strong>Interview de David Djaoui, \u00e0 l&rsquo;occasion de la diffusion sur C8 des deux \u00e9pisodes de la s\u00e9rie documentaire \u00ab\u00a0S\u00e9bastien \u00e0 la t\u00e9l\u00e9, c&rsquo;est fou !\u00a0\u00bb.<\/strong><\/p>\n\n\n\n<p><a href=\"http:\/\/lemediaauquotidien.fr\/2020\/11\/exclu-david-djaoui-repond-a-nos-questions-a-l-occasion-de-la-diffusion-du-documentaire-sur-patrick-sebastien-samedi-prochain-sur-c8\">http:\/\/lemediaauquotidien.fr\/2020\/11\/exclu-david-djaoui-repond-a-nos-questions-a-l-occasion-de-la-diffusion-du-documentaire-sur-patrick-sebastien-samedi-prochain-sur-c8<\/a><\/p>\n\n\n<div class=\"wp-block-image\">\n<figure class=\"aligncenter\"><img loading=\"lazy\" decoding=\"async\" width=\"1218\" height=\"1324\" src=\"http:\/\/clealysm.com\/wp-content\/uploads\/2020\/12\/Capture-d\u2019e\u0301cran-2020-12-14-a\u0300-17.04.45.png\" alt=\"\" class=\"wp-image-925\" srcset=\"http:\/\/clealysm.com\/wp-content\/uploads\/2020\/12\/Capture-d\u2019e\u0301cran-2020-12-14-a\u0300-17.04.45.png 1218w, http:\/\/clealysm.com\/wp-content\/uploads\/2020\/12\/Capture-d\u2019e\u0301cran-2020-12-14-a\u0300-17.04.45-276x300.png 276w, http:\/\/clealysm.com\/wp-content\/uploads\/2020\/12\/Capture-d\u2019e\u0301cran-2020-12-14-a\u0300-17.04.45-942x1024.png 942w, http:\/\/clealysm.com\/wp-content\/uploads\/2020\/12\/Capture-d\u2019e\u0301cran-2020-12-14-a\u0300-17.04.45-768x835.png 768w\" sizes=\"(max-width: 709px) 85vw, (max-width: 909px) 67vw, (max-width: 1362px) 62vw, 840px\" \/><\/figure><\/div>\n\n\n<hr class=\"wp-block-separator has-css-opacity\"\/>\n\n\n\n<h5 class=\"wp-block-heading has-text-align-center\">LE M<strong>\u00c9<\/strong>DIA AU QUOTIDIEN (16\/10\/2019)<\/h5>\n\n\n\n<p><strong>Interview de David Djaoui, \u00e0 l&rsquo;occasion de la diffusion sur RMC Story de la nouvelle saison du magazine de faits divers \u00ab\u00a0Victimes, leur vie a bascul\u00e9\u00a0\u00bb.<\/strong><\/p>\n\n\n\n<p><a href=\"http:\/\/lemediaauquotidien.fr\/2019\/10\/interview-david-djaoui-repond-a-nos-questions-a-l-occasion-de-la-diffusion-a-partir-du-1er-novembrede-la-quatrieme-saison-de-victime\">http:\/\/lemediaauquotidien.fr\/2019\/10\/interview-david-djaoui-repond-a-nos-questions-a-l-occasion-de-la-diffusion-a-partir-du-1er-novembrede-la- quatrieme-saison-de-victime<\/a><\/p>\n\n\n\n<figure class=\"wp-block-image\"><a href=\"http:\/\/lemediaauquotidien.fr\/2019\/10\/interview-david-djaoui-repond-a-nos-questions-a-l-occasion-de-la-diffusion-a-partir-du-1er-novembrede-la-quatrieme-saison-de-victime\"><img loading=\"lazy\" decoding=\"async\" width=\"1266\" height=\"1394\" src=\"http:\/\/clealysm.com\/wp-content\/uploads\/2019\/10\/Capture-d\u2019e\u0301cran-2019-10-16-a\u0300-21.13.31.png\" alt=\"\" class=\"wp-image-802\" srcset=\"http:\/\/clealysm.com\/wp-content\/uploads\/2019\/10\/Capture-d\u2019e\u0301cran-2019-10-16-a\u0300-21.13.31.png 1266w, http:\/\/clealysm.com\/wp-content\/uploads\/2019\/10\/Capture-d\u2019e\u0301cran-2019-10-16-a\u0300-21.13.31-272x300.png 272w, http:\/\/clealysm.com\/wp-content\/uploads\/2019\/10\/Capture-d\u2019e\u0301cran-2019-10-16-a\u0300-21.13.31-768x846.png 768w, http:\/\/clealysm.com\/wp-content\/uploads\/2019\/10\/Capture-d\u2019e\u0301cran-2019-10-16-a\u0300-21.13.31-930x1024.png 930w\" sizes=\"(max-width: 709px) 85vw, (max-width: 909px) 67vw, (max-width: 1362px) 62vw, 840px\" \/><\/a><\/figure>\n\n\n\n<hr class=\"wp-block-separator has-css-opacity\"\/>\n\n\n\n<h5 class=\"wp-block-heading has-text-align-center\">M<strong>\u00c9<\/strong>DIA NEWS + (06\/05\/2019)<\/h5>\n\n\n\n<p>Interview de David Djaoui, \u00e0 l&rsquo;occasion de la diffusion sur C8 de la s\u00e9rie documentaire \u00ab\u00a0Tout le monde en parle : 20 ans d\u00e9j\u00e0 !\u00a0\u00bb.<\/p>\n\n\n\n<p><a href=\"http:\/\/www.medianewsplus.fr\/2019\/05\/interview-david-djaoui-nous-parle-du-documentaire-tout-le-monde-en-parle-20-ans-deja.html\">http:\/\/www.medianewsplus.fr\/2019\/05\/interview-david-djaoui-nous-parle-du-documentaire-tout-le-monde-en-parle-20-ans-deja.html<\/a><\/p>\n\n\n\n<figure class=\"wp-block-image\"><img loading=\"lazy\" decoding=\"async\" width=\"1286\" height=\"1290\" src=\"http:\/\/clealysm.com\/wp-content\/uploads\/2019\/07\/Capture-d\u2019e\u0301cran-2019-07-04-a\u0300-11.04.10.png\" alt=\"\" class=\"wp-image-740\" srcset=\"http:\/\/clealysm.com\/wp-content\/uploads\/2019\/07\/Capture-d\u2019e\u0301cran-2019-07-04-a\u0300-11.04.10.png 1286w, http:\/\/clealysm.com\/wp-content\/uploads\/2019\/07\/Capture-d\u2019e\u0301cran-2019-07-04-a\u0300-11.04.10-150x150.png 150w, http:\/\/clealysm.com\/wp-content\/uploads\/2019\/07\/Capture-d\u2019e\u0301cran-2019-07-04-a\u0300-11.04.10-300x300.png 300w, http:\/\/clealysm.com\/wp-content\/uploads\/2019\/07\/Capture-d\u2019e\u0301cran-2019-07-04-a\u0300-11.04.10-768x770.png 768w, http:\/\/clealysm.com\/wp-content\/uploads\/2019\/07\/Capture-d\u2019e\u0301cran-2019-07-04-a\u0300-11.04.10-1021x1024.png 1021w, http:\/\/clealysm.com\/wp-content\/uploads\/2019\/07\/Capture-d\u2019e\u0301cran-2019-07-04-a\u0300-11.04.10-100x100.png 100w\" sizes=\"(max-width: 709px) 85vw, (max-width: 909px) 67vw, (max-width: 1362px) 62vw, 840px\" \/><\/figure>\n\n\n\n<hr class=\"wp-block-separator has-css-opacity\"\/>\n\n\n\n<h5 class=\"wp-block-heading has-text-align-center\">LE PLATEAU T<strong>\u00c9<\/strong>L<strong>\u00c9<\/strong> (03\/05\/2019)<\/h5>\n\n\n\n<p>Interview de David Djaoui, \u00e0 l&rsquo;occasion de la diffusion sur C8 de la s\u00e9rie documentaire \u00ab\u00a0Tout le monde en parle : 20 ans d\u00e9j\u00e0 !\u00a0\u00bb.<\/p>\n\n\n\n<p><a href=\"https:\/\/leplateautele.com\/2019\/05\/03\/dans-les-coulisses-des-20-ans-de-tout-le-monde-en-parle\/?fbclid=IwAR2jClv6a5Pu41xn-n7gN7rUFbYCd89pOteDuHaMYXJT0rMe8jZSWrdCsqQ\">https:\/\/leplateautele.com\/2019\/05\/03\/dans-les-coulisses-des-20-ans-de-tout-le-monde-en-parle\/?fbclid=IwAR2jClv6a5Pu41xn-n7gN7rUFbYCd89pOteDuHaMYXJT0rMe8jZSWrdCsqQ<\/a><\/p>\n\n\n\n<figure class=\"wp-block-image\"><img loading=\"lazy\" decoding=\"async\" width=\"1125\" height=\"1614\" src=\"http:\/\/clealysm.com\/wp-content\/uploads\/2019\/07\/IMG_7087.jpeg\" alt=\"\" class=\"wp-image-743\" srcset=\"http:\/\/clealysm.com\/wp-content\/uploads\/2019\/07\/IMG_7087.jpeg 1125w, http:\/\/clealysm.com\/wp-content\/uploads\/2019\/07\/IMG_7087-209x300.jpeg 209w, http:\/\/clealysm.com\/wp-content\/uploads\/2019\/07\/IMG_7087-768x1102.jpeg 768w, http:\/\/clealysm.com\/wp-content\/uploads\/2019\/07\/IMG_7087-714x1024.jpeg 714w\" sizes=\"(max-width: 709px) 85vw, (max-width: 909px) 67vw, (max-width: 1362px) 62vw, 840px\" \/><\/figure>\n\n\n\n<hr class=\"wp-block-separator has-css-opacity\"\/>\n\n\n\n<h5 class=\"wp-block-heading has-text-align-center\">SATELLIFAX (14\/09\/2017)<\/h5>\n\n\n<div class=\"wp-block-image\">\n<figure class=\"aligncenter\"><img loading=\"lazy\" decoding=\"async\" width=\"2592\" height=\"736\" src=\"http:\/\/clealysm.com\/wp-content\/uploads\/2018\/01\/Satellifax-e1516548922295.jpg\" alt=\"\" class=\"wp-image-540\" srcset=\"http:\/\/clealysm.com\/wp-content\/uploads\/2018\/01\/Satellifax-e1516548922295.jpg 2592w, http:\/\/clealysm.com\/wp-content\/uploads\/2018\/01\/Satellifax-e1516548922295-300x85.jpg 300w, http:\/\/clealysm.com\/wp-content\/uploads\/2018\/01\/Satellifax-e1516548922295-1024x291.jpg 1024w, http:\/\/clealysm.com\/wp-content\/uploads\/2018\/01\/Satellifax-e1516548922295-768x218.jpg 768w\" sizes=\"(max-width: 709px) 85vw, (max-width: 909px) 67vw, (max-width: 1362px) 62vw, 840px\" \/><\/figure><\/div>\n\n\n<hr class=\"wp-block-separator has-css-opacity\"\/>\n\n\n\n<h5 class=\"wp-block-heading has-text-align-center\">LA CORRESPONDANCE DE LA PRESSE (19\/09\/2017)<\/h5>\n\n\n<div class=\"wp-block-image\">\n<figure class=\"aligncenter\"><img loading=\"lazy\" decoding=\"async\" width=\"2304\" height=\"1952\" src=\"http:\/\/clealysm.com\/wp-content\/uploads\/2018\/01\/Correpondance-de-la-Presse.jpg\" alt=\"\" class=\"wp-image-538\" srcset=\"http:\/\/clealysm.com\/wp-content\/uploads\/2018\/01\/Correpondance-de-la-Presse.jpg 2304w, http:\/\/clealysm.com\/wp-content\/uploads\/2018\/01\/Correpondance-de-la-Presse-300x254.jpg 300w, http:\/\/clealysm.com\/wp-content\/uploads\/2018\/01\/Correpondance-de-la-Presse-768x651.jpg 768w, http:\/\/clealysm.com\/wp-content\/uploads\/2018\/01\/Correpondance-de-la-Presse-1024x868.jpg 1024w\" sizes=\"(max-width: 709px) 85vw, (max-width: 909px) 67vw, (max-width: 1362px) 62vw, 840px\" \/><\/figure><\/div>\n\n\n<hr class=\"wp-block-separator has-css-opacity\"\/>\n\n\n\n<h5 class=\"wp-block-heading has-text-align-center\">SITE INTERNET DU M<strong>\u00c9<\/strong>DIACLUB (18\/09\/2017)<\/h5>\n\n\n\n<figure class=\"wp-block-image\"><img loading=\"lazy\" decoding=\"async\" width=\"1318\" height=\"1342\" src=\"http:\/\/clealysm.com\/wp-content\/uploads\/2019\/07\/Capture-d\u2019e\u0301cran-2019-07-04-a\u0300-11.21.24.png\" alt=\"\" class=\"wp-image-746\" srcset=\"http:\/\/clealysm.com\/wp-content\/uploads\/2019\/07\/Capture-d\u2019e\u0301cran-2019-07-04-a\u0300-11.21.24.png 1318w, http:\/\/clealysm.com\/wp-content\/uploads\/2019\/07\/Capture-d\u2019e\u0301cran-2019-07-04-a\u0300-11.21.24-295x300.png 295w, http:\/\/clealysm.com\/wp-content\/uploads\/2019\/07\/Capture-d\u2019e\u0301cran-2019-07-04-a\u0300-11.21.24-768x782.png 768w, http:\/\/clealysm.com\/wp-content\/uploads\/2019\/07\/Capture-d\u2019e\u0301cran-2019-07-04-a\u0300-11.21.24-1006x1024.png 1006w\" sizes=\"(max-width: 709px) 85vw, (max-width: 909px) 67vw, (max-width: 1362px) 62vw, 840px\" \/><\/figure>\n\n\n\n<hr class=\"wp-block-separator has-css-opacity\"\/>\n\n\n\n<p class=\"has-text-align-center\"><strong><u>SUIVEZ-NOUS SUR :<\/u><\/strong><\/p>\n\n\n\n<ul class=\"wp-block-social-links aligncenter is-style-logos-only is-layout-flex wp-block-social-links-is-layout-flex\"><li class=\"wp-social-link wp-social-link-twitter  wp-block-social-link\"><a href=\"https:\/\/twitter.com\/clealysm\" class=\"wp-block-social-link-anchor\"><svg width=\"24\" height=\"24\" viewBox=\"0 0 24 24\" version=\"1.1\" xmlns=\"http:\/\/www.w3.org\/2000\/svg\" aria-hidden=\"true\" focusable=\"false\"><path d=\"M22.23,5.924c-0.736,0.326-1.527,0.547-2.357,0.646c0.847-0.508,1.498-1.312,1.804-2.27 c-0.793,0.47-1.671,0.812-2.606,0.996C18.324,4.498,17.257,4,16.077,4c-2.266,0-4.103,1.837-4.103,4.103 c0,0.322,0.036,0.635,0.106,0.935C8.67,8.867,5.647,7.234,3.623,4.751C3.27,5.357,3.067,6.062,3.067,6.814 c0,1.424,0.724,2.679,1.825,3.415c-0.673-0.021-1.305-0.206-1.859-0.513c0,0.017,0,0.034,0,0.052c0,1.988,1.414,3.647,3.292,4.023 c-0.344,0.094-0.707,0.144-1.081,0.144c-0.264,0-0.521-0.026-0.772-0.074c0.522,1.63,2.038,2.816,3.833,2.85 c-1.404,1.1-3.174,1.756-5.096,1.756c-0.331,0-0.658-0.019-0.979-0.057c1.816,1.164,3.973,1.843,6.29,1.843 c7.547,0,11.675-6.252,11.675-11.675c0-0.178-0.004-0.355-0.012-0.531C20.985,7.47,21.68,6.747,22.23,5.924z\"><\/path><\/svg><span class=\"wp-block-social-link-label screen-reader-text\">Twitter<\/span><\/a><\/li>\n\n<li class=\"wp-social-link wp-social-link-facebook  wp-block-social-link\"><a href=\"https:\/\/www.facebook.com\/clealysm\" class=\"wp-block-social-link-anchor\"><svg width=\"24\" height=\"24\" viewBox=\"0 0 24 24\" version=\"1.1\" xmlns=\"http:\/\/www.w3.org\/2000\/svg\" aria-hidden=\"true\" focusable=\"false\"><path d=\"M12 2C6.5 2 2 6.5 2 12c0 5 3.7 9.1 8.4 9.9v-7H7.9V12h2.5V9.8c0-2.5 1.5-3.9 3.8-3.9 1.1 0 2.2.2 2.2.2v2.5h-1.3c-1.2 0-1.6.8-1.6 1.6V12h2.8l-.4 2.9h-2.3v7C18.3 21.1 22 17 22 12c0-5.5-4.5-10-10-10z\"><\/path><\/svg><span class=\"wp-block-social-link-label screen-reader-text\">Facebook<\/span><\/a><\/li>\n\n<li class=\"wp-social-link wp-social-link-instagram  wp-block-social-link\"><a href=\"https:\/\/www.instagram.com\/clealysm\/\" class=\"wp-block-social-link-anchor\"><svg width=\"24\" height=\"24\" viewBox=\"0 0 24 24\" version=\"1.1\" xmlns=\"http:\/\/www.w3.org\/2000\/svg\" aria-hidden=\"true\" focusable=\"false\"><path d=\"M12,4.622c2.403,0,2.688,0.009,3.637,0.052c0.877,0.04,1.354,0.187,1.671,0.31c0.42,0.163,0.72,0.358,1.035,0.673 c0.315,0.315,0.51,0.615,0.673,1.035c0.123,0.317,0.27,0.794,0.31,1.671c0.043,0.949,0.052,1.234,0.052,3.637 s-0.009,2.688-0.052,3.637c-0.04,0.877-0.187,1.354-0.31,1.671c-0.163,0.42-0.358,0.72-0.673,1.035 c-0.315,0.315-0.615,0.51-1.035,0.673c-0.317,0.123-0.794,0.27-1.671,0.31c-0.949,0.043-1.233,0.052-3.637,0.052 s-2.688-0.009-3.637-0.052c-0.877-0.04-1.354-0.187-1.671-0.31c-0.42-0.163-0.72-0.358-1.035-0.673 c-0.315-0.315-0.51-0.615-0.673-1.035c-0.123-0.317-0.27-0.794-0.31-1.671C4.631,14.688,4.622,14.403,4.622,12 s0.009-2.688,0.052-3.637c0.04-0.877,0.187-1.354,0.31-1.671c0.163-0.42,0.358-0.72,0.673-1.035 c0.315-0.315,0.615-0.51,1.035-0.673c0.317-0.123,0.794-0.27,1.671-0.31C9.312,4.631,9.597,4.622,12,4.622 M12,3 C9.556,3,9.249,3.01,8.289,3.054C7.331,3.098,6.677,3.25,6.105,3.472C5.513,3.702,5.011,4.01,4.511,4.511 c-0.5,0.5-0.808,1.002-1.038,1.594C3.25,6.677,3.098,7.331,3.054,8.289C3.01,9.249,3,9.556,3,12c0,2.444,0.01,2.751,0.054,3.711 c0.044,0.958,0.196,1.612,0.418,2.185c0.23,0.592,0.538,1.094,1.038,1.594c0.5,0.5,1.002,0.808,1.594,1.038 c0.572,0.222,1.227,0.375,2.185,0.418C9.249,20.99,9.556,21,12,21s2.751-0.01,3.711-0.054c0.958-0.044,1.612-0.196,2.185-0.418 c0.592-0.23,1.094-0.538,1.594-1.038c0.5-0.5,0.808-1.002,1.038-1.594c0.222-0.572,0.375-1.227,0.418-2.185 C20.99,14.751,21,14.444,21,12s-0.01-2.751-0.054-3.711c-0.044-0.958-0.196-1.612-0.418-2.185c-0.23-0.592-0.538-1.094-1.038-1.594 c-0.5-0.5-1.002-0.808-1.594-1.038c-0.572-0.222-1.227-0.375-2.185-0.418C14.751,3.01,14.444,3,12,3L12,3z M12,7.378 c-2.552,0-4.622,2.069-4.622,4.622S9.448,16.622,12,16.622s4.622-2.069,4.622-4.622S14.552,7.378,12,7.378z M12,15 c-1.657,0-3-1.343-3-3s1.343-3,3-3s3,1.343,3,3S13.657,15,12,15z M16.804,6.116c-0.596,0-1.08,0.484-1.08,1.08 s0.484,1.08,1.08,1.08c0.596,0,1.08-0.484,1.08-1.08S17.401,6.116,16.804,6.116z\"><\/path><\/svg><span class=\"wp-block-social-link-label screen-reader-text\">Instagram<\/span><\/a><\/li>\n\n<li class=\"wp-social-link wp-social-link-youtube  wp-block-social-link\"><a href=\"https:\/\/www.youtube.com\/channel\/UC6323bTX_ik0yGp_nAIMpQg\" class=\"wp-block-social-link-anchor\"><svg width=\"24\" height=\"24\" viewBox=\"0 0 24 24\" version=\"1.1\" xmlns=\"http:\/\/www.w3.org\/2000\/svg\" aria-hidden=\"true\" focusable=\"false\"><path d=\"M21.8,8.001c0,0-0.195-1.378-0.795-1.985c-0.76-0.797-1.613-0.801-2.004-0.847c-2.799-0.202-6.997-0.202-6.997-0.202 h-0.009c0,0-4.198,0-6.997,0.202C4.608,5.216,3.756,5.22,2.995,6.016C2.395,6.623,2.2,8.001,2.2,8.001S2,9.62,2,11.238v1.517 c0,1.618,0.2,3.237,0.2,3.237s0.195,1.378,0.795,1.985c0.761,0.797,1.76,0.771,2.205,0.855c1.6,0.153,6.8,0.201,6.8,0.201 s4.203-0.006,7.001-0.209c0.391-0.047,1.243-0.051,2.004-0.847c0.6-0.607,0.795-1.985,0.795-1.985s0.2-1.618,0.2-3.237v-1.517 C22,9.62,21.8,8.001,21.8,8.001z M9.935,14.594l-0.001-5.62l5.404,2.82L9.935,14.594z\"><\/path><\/svg><span class=\"wp-block-social-link-label screen-reader-text\">YouTube<\/span><\/a><\/li><\/ul>\n","protected":false},"excerpt":{"rendered":"<p>ON PARLE DE NOUS DANS LES M\u00c9DIAS CULTURE M\u00c9DIAS SUR EUROPE 1 (31\/10\/2022) Producteur et co-r\u00e9alisateur du documentaire \u00ab\u00a0Didier Barbelivien : tant qu&rsquo;il y aura des chansons\u00a0\u00bb, diffus\u00e9 sur C8, David Djaoui \u00e9tait interview\u00e9 dans \u00ab\u00a0Le Journal des M\u00e9dias\u00a0\u00bb de Julien Pichen\u00e9. TPMP SUR C8 (28\/09\/2021) Producteur, auteur et co-r\u00e9alisateur du documentaire \u00ab\u00a0Bernard Tapie, le &hellip; <a href=\"http:\/\/clealysm.com\/index.php\/publications\/\" class=\"more-link\">Continuer la lecture<span class=\"screen-reader-text\"> de &laquo;&nbsp;NEWS&nbsp;&raquo;<\/span><\/a><\/p>\n","protected":false},"author":1,"featured_media":0,"parent":0,"menu_order":0,"comment_status":"closed","ping_status":"closed","template":"","meta":{"footnotes":""},"_links":{"self":[{"href":"http:\/\/clealysm.com\/index.php\/wp-json\/wp\/v2\/pages\/215"}],"collection":[{"href":"http:\/\/clealysm.com\/index.php\/wp-json\/wp\/v2\/pages"}],"about":[{"href":"http:\/\/clealysm.com\/index.php\/wp-json\/wp\/v2\/types\/page"}],"author":[{"embeddable":true,"href":"http:\/\/clealysm.com\/index.php\/wp-json\/wp\/v2\/users\/1"}],"replies":[{"embeddable":true,"href":"http:\/\/clealysm.com\/index.php\/wp-json\/wp\/v2\/comments?post=215"}],"version-history":[{"count":58,"href":"http:\/\/clealysm.com\/index.php\/wp-json\/wp\/v2\/pages\/215\/revisions"}],"predecessor-version":[{"id":1242,"href":"http:\/\/clealysm.com\/index.php\/wp-json\/wp\/v2\/pages\/215\/revisions\/1242"}],"wp:attachment":[{"href":"http:\/\/clealysm.com\/index.php\/wp-json\/wp\/v2\/media?parent=215"}],"curies":[{"name":"wp","href":"https:\/\/api.w.org\/{rel}","templated":true}]}}